{"id":1954,"date":"2022-12-05T19:24:28","date_gmt":"2022-12-05T19:24:28","guid":{"rendered":"https:\/\/pertquebec.ca\/?page_id=1954"},"modified":"2022-12-05T19:31:31","modified_gmt":"2022-12-05T19:31:31","slug":"table-sectorielle-regionale","status":"publish","type":"page","link":"https:\/\/pertquebec.ca\/fr\/table-sectorielle-regionale\/","title":{"rendered":"Table sectorielle r\u00e9gionale"},"content":{"rendered":"<p>La Table sectorielle r\u00e9gionale r\u00e9unit des intervenants et des organismes communautaires \u0153uvrant dans les r\u00e9gions afin d&rsquo;examiner des questions de politique, d&rsquo;\u00e9laborer des recommandations de politique, et de cr\u00e9er des solutions qui r\u00e9pondent aux enjeux et aux d\u00e9fis auxquels font face les communaut\u00e9s d&rsquo;expression anglaise vivant dans les communaut\u00e9s r\u00e9gionales du Qu\u00e9bec dans les domaines de l&#8217;emploi et de l&#8217;employabilit\u00e9.<\/p>\n","protected":false},"excerpt":{"rendered":"<p>La Table sectorielle r\u00e9gionale r\u00e9unit des intervenants et des organismes communautaires \u0153uvrant dans les r\u00e9gions afin d&rsquo;examiner des questions de politique, d&rsquo;\u00e9laborer des recommandations de politique, et de cr\u00e9er des solutions qui r\u00e9pondent aux enjeux et aux d\u00e9fis auxquels font face les communaut\u00e9s d&rsquo;expression anglaise vivant dans les communaut\u00e9s r\u00e9gionales du Qu\u00e9bec dans les domaines [&hellip;]<\/p>\n","protected":false},"author":4,"featured_media":0,"parent":0,"menu_order":0,"comment_status":"closed","ping_status":"closed","template":"page-templates\/board-of-directors.php","meta":{"_price":"","_stock":"","_tribe_ticket_header":"","_tribe_default_ticket_provider":"","_tribe_ticket_capacity":"0","_ticket_start_date":"","_ticket_end_date":"","_tribe_ticket_show_description":"","_tribe_ticket_show_not_going":false,"_tribe_ticket_use_global_stock":"","_tribe_ticket_global_stock_level":"","_global_stock_mode":"","_global_stock_cap":"","_tribe_rsvp_for_event":"","_tribe_ticket_going_count":"","_tribe_ticket_not_going_count":"","_tribe_tickets_list":"[]","_tribe_ticket_has_attendee_info_fields":false,"footnotes":"","_tec_slr_enabled":"","_tec_slr_layout":""},"class_list":["post-1954","page","type-page","status-publish","hentry"],"yoast_head":"<!-- This site is optimized with the Yoast SEO plugin v21.8 - https:\/\/yoast.com\/wordpress\/plugins\/seo\/ -->\n<title>PERT<\/title>\n<meta name=\"robots\" content=\"index, follow, max-snippet:-1, max-image-preview:large, max-video-preview:-1\" \/>\n<link rel=\"canonical\" href=\"https:\/\/pertquebec.ca\/fr\/table-sectorielle-regionale\/\" \/>\n<meta property=\"og:locale\" content=\"fr_FR\" \/>\n<meta property=\"og:type\" content=\"article\" \/>\n<meta property=\"og:title\" content=\"Table sectorielle r\u00e9gionale - PERT\" \/>\n<meta property=\"og:description\" content=\"La Table sectorielle r\u00e9gionale r\u00e9unit des intervenants et des organismes communautaires \u0153uvrant dans les r\u00e9gions afin d&rsquo;examiner des questions de politique, d&rsquo;\u00e9laborer des recommandations de politique, et de cr\u00e9er des solutions qui r\u00e9pondent aux enjeux et aux d\u00e9fis auxquels font face les communaut\u00e9s d&rsquo;expression anglaise vivant dans les communaut\u00e9s r\u00e9gionales du Qu\u00e9bec dans les domaines [&hellip;]\" \/>\n<meta property=\"og:url\" content=\"https:\/\/pertquebec.ca\/fr\/table-sectorielle-regionale\/\" \/>\n<meta property=\"og:site_name\" content=\"PERT\" \/>\n<meta property=\"article:modified_time\" content=\"2022-12-05T19:31:31+00:00\" \/>\n<meta property=\"og:image\" content=\"https:\/\/pertquebec.ca\/wp-content\/uploads\/2021\/03\/pert-image-web.jpg\" \/>\n\t<meta property=\"og:image:width\" content=\"1200\" \/>\n\t<meta property=\"og:image:height\" content=\"628\" \/>\n\t<meta property=\"og:image:type\" content=\"image\/jpeg\" \/>\n<meta name=\"twitter:card\" content=\"summary_large_image\" \/>\n<script type=\"application\/ld+json\" class=\"yoast-schema-graph\">{\"@context\":\"https:\/\/schema.org\",\"@graph\":[{\"@type\":\"WebPage\",\"@id\":\"https:\/\/pertquebec.ca\/fr\/table-sectorielle-regionale\/\",\"url\":\"https:\/\/pertquebec.ca\/fr\/table-sectorielle-regionale\/\",\"name\":\"Table sectorielle r\u00e9gionale - PERT\",\"isPartOf\":{\"@id\":\"https:\/\/pertquebec.ca\/#website\"},\"datePublished\":\"2022-12-05T19:24:28+00:00\",\"dateModified\":\"2022-12-05T19:31:31+00:00\",\"breadcrumb\":{\"@id\":\"https:\/\/pertquebec.ca\/fr\/table-sectorielle-regionale\/#breadcrumb\"},\"inLanguage\":\"fr-FR\",\"potentialAction\":[{\"@type\":\"ReadAction\",\"target\":[\"https:\/\/pertquebec.ca\/fr\/table-sectorielle-regionale\/\"]}]},{\"@type\":\"BreadcrumbList\",\"@id\":\"https:\/\/pertquebec.ca\/fr\/table-sectorielle-regionale\/#breadcrumb\",\"itemListElement\":[{\"@type\":\"ListItem\",\"position\":1,\"name\":\"Home\",\"item\":\"https:\/\/pertquebec.ca\/fr\/\"},{\"@type\":\"ListItem\",\"position\":2,\"name\":\"Table sectorielle r\u00e9gionale\"}]},{\"@type\":\"WebSite\",\"@id\":\"https:\/\/pertquebec.ca\/#website\",\"url\":\"https:\/\/pertquebec.ca\/\",\"name\":\"PERT\",\"description\":\"\",\"publisher\":{\"@id\":\"https:\/\/pertquebec.ca\/#organization\"},\"potentialAction\":[{\"@type\":\"SearchAction\",\"target\":{\"@type\":\"EntryPoint\",\"urlTemplate\":\"https:\/\/pertquebec.ca\/?s={search_term_string}\"},\"query-input\":\"required name=search_term_string\"}],\"inLanguage\":\"fr-FR\"},{\"@type\":\"Organization\",\"@id\":\"https:\/\/pertquebec.ca\/#organization\",\"name\":\"PERT\",\"url\":\"https:\/\/pertquebec.ca\/\",\"logo\":{\"@type\":\"ImageObject\",\"inLanguage\":\"fr-FR\",\"@id\":\"https:\/\/pertquebec.ca\/#\/schema\/logo\/image\/\",\"url\":\"https:\/\/pertquebec.ca\/wp-content\/uploads\/2020\/09\/cropped-Big-icon-logo-red-min.png\",\"contentUrl\":\"https:\/\/pertquebec.ca\/wp-content\/uploads\/2020\/09\/cropped-Big-icon-logo-red-min.png\",\"width\":512,\"height\":512,\"caption\":\"PERT\"},\"image\":{\"@id\":\"https:\/\/pertquebec.ca\/#\/schema\/logo\/image\/\"}}]}<\/script>\n<!-- \/ Yoast SEO plugin. -->","yoast_head_json":{"title":"PERT","robots":{"index":"index","follow":"follow","max-snippet":"max-snippet:-1","max-image-preview":"max-image-preview:large","max-video-preview":"max-video-preview:-1"},"canonical":"https:\/\/pertquebec.ca\/fr\/table-sectorielle-regionale\/","og_locale":"fr_FR","og_type":"article","og_title":"Table sectorielle r\u00e9gionale - PERT","og_description":"La Table sectorielle r\u00e9gionale r\u00e9unit des intervenants et des organismes communautaires \u0153uvrant dans les r\u00e9gions afin d&rsquo;examiner des questions de politique, d&rsquo;\u00e9laborer des recommandations de politique, et de cr\u00e9er des solutions qui r\u00e9pondent aux enjeux et aux d\u00e9fis auxquels font face les communaut\u00e9s d&rsquo;expression anglaise vivant dans les communaut\u00e9s r\u00e9gionales du Qu\u00e9bec dans les domaines [&hellip;]","og_url":"https:\/\/pertquebec.ca\/fr\/table-sectorielle-regionale\/","og_site_name":"PERT","article_modified_time":"2022-12-05T19:31:31+00:00","og_image":[{"width":1200,"height":628,"url":"https:\/\/pertquebec.ca\/wp-content\/uploads\/2021\/03\/pert-image-web.jpg","type":"image\/jpeg"}],"twitter_card":"summary_large_image","schema":{"@context":"https:\/\/schema.org","@graph":[{"@type":"WebPage","@id":"https:\/\/pertquebec.ca\/fr\/table-sectorielle-regionale\/","url":"https:\/\/pertquebec.ca\/fr\/table-sectorielle-regionale\/","name":"Table sectorielle r\u00e9gionale - PERT","isPartOf":{"@id":"https:\/\/pertquebec.ca\/#website"},"datePublished":"2022-12-05T19:24:28+00:00","dateModified":"2022-12-05T19:31:31+00:00","breadcrumb":{"@id":"https:\/\/pertquebec.ca\/fr\/table-sectorielle-regionale\/#breadcrumb"},"inLanguage":"fr-FR","potentialAction":[{"@type":"ReadAction","target":["https:\/\/pertquebec.ca\/fr\/table-sectorielle-regionale\/"]}]},{"@type":"BreadcrumbList","@id":"https:\/\/pertquebec.ca\/fr\/table-sectorielle-regionale\/#breadcrumb","itemListElement":[{"@type":"ListItem","position":1,"name":"Home","item":"https:\/\/pertquebec.ca\/fr\/"},{"@type":"ListItem","position":2,"name":"Table sectorielle r\u00e9gionale"}]},{"@type":"WebSite","@id":"https:\/\/pertquebec.ca\/#website","url":"https:\/\/pertquebec.ca\/","name":"PERT","description":"","publisher":{"@id":"https:\/\/pertquebec.ca\/#organization"},"potentialAction":[{"@type":"SearchAction","target":{"@type":"EntryPoint","urlTemplate":"https:\/\/pertquebec.ca\/?s={search_term_string}"},"query-input":"required name=search_term_string"}],"inLanguage":"fr-FR"},{"@type":"Organization","@id":"https:\/\/pertquebec.ca\/#organization","name":"PERT","url":"https:\/\/pertquebec.ca\/","logo":{"@type":"ImageObject","inLanguage":"fr-FR","@id":"https:\/\/pertquebec.ca\/#\/schema\/logo\/image\/","url":"https:\/\/pertquebec.ca\/wp-content\/uploads\/2020\/09\/cropped-Big-icon-logo-red-min.png","contentUrl":"https:\/\/pertquebec.ca\/wp-content\/uploads\/2020\/09\/cropped-Big-icon-logo-red-min.png","width":512,"height":512,"caption":"PERT"},"image":{"@id":"https:\/\/pertquebec.ca\/#\/schema\/logo\/image\/"}}]}},"ticketed":false,"_links":{"self":[{"href":"https:\/\/pertquebec.ca\/fr\/wp-json\/wp\/v2\/pages\/1954","targetHints":{"allow":["GET"]}}],"collection":[{"href":"https:\/\/pertquebec.ca\/fr\/wp-json\/wp\/v2\/pages"}],"about":[{"href":"https:\/\/pertquebec.ca\/fr\/wp-json\/wp\/v2\/types\/page"}],"author":[{"embeddable":true,"href":"https:\/\/pertquebec.ca\/fr\/wp-json\/wp\/v2\/users\/4"}],"replies":[{"embeddable":true,"href":"https:\/\/pertquebec.ca\/fr\/wp-json\/wp\/v2\/comments?post=1954"}],"version-history":[{"count":0,"href":"https:\/\/pertquebec.ca\/fr\/wp-json\/wp\/v2\/pages\/1954\/revisions"}],"wp:attachment":[{"href":"https:\/\/pertquebec.ca\/fr\/wp-json\/wp\/v2\/media?parent=1954"}],"curies":[{"name":"wp","href":"https:\/\/api.w.org\/{rel}","templated":true}]}}